{"id":7280,"date":"2016-09-21T13:50:21","date_gmt":"2016-09-21T13:50:21","guid":{"rendered":"http:\/\/www.orocatene.com\/chi-siamo\/"},"modified":"2018-04-23T11:30:58","modified_gmt":"2018-04-23T09:30:58","slug":"quienes-somos","status":"publish","type":"page","link":"https:\/\/www.orocatene.com\/es\/quienes-somos\/","title":{"rendered":"Qui\u00e9nes somos"},"content":{"rendered":"<p>[vc_row][vc_column css=\u00bb.vc_custom_1474460664668{padding-top: 0px !important;}\u00bb][vc_row_inner][vc_column_inner css=\u00bb.vc_custom_1502100873189{padding-right: 75px !important;padding-left: 75px !important;}\u00bb offset=\u00bbvc_col-lg-6&#8243;][vc_empty_space height=\u00bb35&#8243;][vc_column_text]<\/p>\n<h6>Qui\u00e9nes somos<\/h6>\n<p>[\/vc_column_text][vc_column_text]<\/p>\n<h3>OROCATENE S.p.A.<\/h3>\n<p>[\/vc_column_text][vc_empty_space height=\u00bb10&#8243;][vc_column_text]En una tierra con vocaci\u00f3n hist\u00f3rica a la orfebrer\u00eda, nace en 1987 Oro Catene Spa. Ubicada en Arezzo, la empresa dirigida por la familia Mafucci se ha convertido en una de las realidades mas s\u00f3lidas y concretas, en el panorama nacional e internacional, del vasto sector de la producci\u00f3n de cadenas de oro.<\/p>\n<p>Desde su fundaci\u00f3n, Oro Catene ha tenido como objetivo respetar pocos cuanto sencillos ideales: calidad, rapidez, fiabilidad y una manera de hacer innovaci\u00f3n basada en ese virtuoso \u00abknow how\u00bb, patrimonio f\u00e9rtil acumulado en el tiempo, que le ha permitido un desarrollo constante en el tiempo.<\/p>\n<p>Es a partir de esta tensi\u00f3n entre tradici\u00f3n y futuro que la empresa ha desarrollado una elasticidad propia que mira a detectar las necesidades y los cambios del mercado sin olvidarse de su identidad.<\/p>\n<p>En su sencillez, la empresa cuenta con una s\u00f3lida organizaci\u00f3n basada en el alto perfil de su personal y en una visi\u00f3n concreta de la demanda, cada vez m\u00e1s imprevisible y cambiante, que llega del extranjero. Desde siempre atenta a la satisfacci\u00f3n de su clientela, la empresa de Arezzo ha sabido crecer con ella, instaurando con sus clientes relaciones s\u00f3lidas basadas en la confianza y en la satisfacci\u00f3n mutua.<\/p>\n<p>Oro Catene ha sabido valorizar al maximo su trabajo, llegando a ser una marca hist\u00f3rica y bien arraigada tanto en el territorio nacional como en el extranjero. [\/vc_column_text][vc_empty_space height=\u00bb25&#8243;][\/vc_column_inner][vc_column_inner offset=\u00bbvc_col-lg-6&#8243; css=\u00bb.vc_custom_1502100698623{margin-top: 0px !important;margin-right: -200px !important;margin-bottom: 0px !important;padding-top: 350px !important;padding-bottom: 350px !important;background-image: url(http:\/\/www.orocatene.com\/wp-content\/uploads\/2017\/08\/slide_2.jpg?id=5308) !important;background-position: center !important;background-repeat: no-repeat !important;background-size: cover !important;}\u00bb][\/vc_column_inner][\/vc_row_inner][\/vc_column][\/vc_row][vc_row row_type=\u00bbparallax\u00bb parallax_background_image=\u00bb5821&#8243; kswr_row_top_decor_enabled=\u00bbfalse\u00bb kswr_row_bottom_decor_enabled=\u00bbfalse\u00bb anchor=\u00bbhistoria\u00bb][vc_column][vc_row_inner row_content_width=\u00bbgrid\u00bb css=\u00bb.vc_custom_1475072759349{padding-top: 110px !important;padding-bottom: 111px !important;}\u00bb][vc_column_inner offset=\u00bbvc_col-lg-4 vc_col-md-12&#8243;]<div class=\"eltdf-elements-holder eltdf-responsive-mode-768\" ><div class=\"eltdf-eh-item \" data-item-class=\"eltdf-eh-custom-773028\" data-1024-1280=\"0 36% 0 0\" data-768-1024=\"0 0 0 0\" data-600-768=\"0 0 0 0\" data-480-600=\"0 0 0 0\" data-480=\"0 0 0 0\" >\n\t<div class=\"eltdf-eh-item-inner\" >\n\t\t<div class=\"eltdf-eh-item-content eltdf-eh-custom-773028\" style=\"padding: 0 47% 0 0\">\n\t\t\t[vc_column_text]<\/p>\n<h3><span style=\"color: #ffffff;\">NUESTRA HISTORIA<\/span><\/h3>\n<p>[\/vc_column_text][vc_empty_space height=\u00bb21&#8243;]\t\t<\/div>\n\t<\/div>\n<\/div><\/div>[\/vc_column_inner][vc_column_inner width=\u00bb1\/2&#8243; offset=\u00bbvc_col-lg-4 vc_col-md-6&#8243;][vc_column_text]<span style=\"color: #ffffff;\">La historia de Oro Catene tiene su origen en las cenizas de otra empresa hist\u00f3rica, la Loar, marca 41 AR, cuya herencia sigue en parte viva en la actual sede operativa.<br \/>\nLa intuici\u00f3n de Gianfranco Mafucci, que desde hace unos a\u00f1os ven\u00eda desarrollando su experiencia en el sector de la orfebrer\u00eda, result\u00f3 ganadora y en 1987 fund\u00f3 Oro Catene Spa.<br \/>\nAyudado en la tarea por su esposa Graziella, desde el comienzo la nueva empresa ampl\u00eda sus horizontes especializ\u00e1ndose en la producci\u00f3n de cadenas de oro destinadas no s\u00f3lo a los mercados nacionales.<br \/>\nHoy en d\u00eda el tim\u00f3n de la empresa lo lleva el hijo Luca, que fue paulatinamente entrenado para este papel y supo aprender no s\u00f3lo el trabajo heredado de su padre, sino impulsar la actividad de familia, reforzando las relaciones con clientes hist\u00f3ricos y expandiendo sus ra\u00edces al extranjero, hac\u00eda territorios mas pr\u00f3speros y receptivos. <\/span>[\/vc_column_text][\/vc_column_inner][vc_column_inner width=\u00bb1\/2&#8243; offset=\u00bbvc_col-lg-4 vc_col-md-6&#8243;][vc_column_text]<span style=\"color: #ffffff;\">Encontramos a otro miembro de la familia Mafucci justo en el n\u00facleo productivo de la empresa, desde donde supervisa y coordina el gran flujo de trabajo cotidiano: el primo Andrea, mano derecha del directivo.<br \/>\nEn el 2017 la empresa ha cumplido sus 30 a\u00f1os: un balance muy positivo que coloca Oro Catene Spa entre las empresas de Arezzo m\u00e1s proactivas y concretas en el sector de la orfebrer\u00eda. El desarrollo constante de la empresa, coloca a la familia Mafucci frente a nuevos desaf\u00edos en un entorno cada vez m\u00e1s complejo y cambiante. Desaf\u00edos a los que una empresa de experiencia como Oro Catene Spa hace frente sin miedo.<\/span>[\/vc_column_text][\/vc_column_inner][\/vc_row_inner][\/vc_column][\/vc_row]<\/p>\n","protected":false},"excerpt":{"rendered":"<p>[vc_row][vc_column css=\u00bb.vc_custom_1474460664668{padding-top: 0px !important;}\u00bb][vc_row_inner][vc_column_inner css=\u00bb.vc_custom_1502100873189{padding-right: 75px !important;padding-left: 75px !important;}\u00bb offset=\u00bbvc_col-lg-6&#8243;][vc_empty_space height=\u00bb35&#8243;][vc_column_text] Qui\u00e9nes somos [\/vc_column_text][vc_column_text] OROCATENE S.p.A. [\/vc_column_text][vc_empty_space height=\u00bb10&#8243;][vc_column_text]En una tierra con vocaci\u00f3n hist\u00f3rica a la orfebrer\u00eda, nace en 1987 Oro Catene Spa. Ubicada en Arezzo, la empresa dirigida por la familia Mafucci se ha convertido [&hellip;]<\/p>\n","protected":false},"author":1,"featured_media":0,"parent":0,"menu_order":0,"comment_status":"closed","ping_status":"closed","template":"full-width.php","meta":{"footnotes":""},"class_list":["post-7280","page","type-page","status-publish","hentry"],"acf":[],"_links":{"self":[{"href":"https:\/\/www.orocatene.com\/es\/wp-json\/wp\/v2\/pages\/7280","targetHints":{"allow":["GET"]}}],"collection":[{"href":"https:\/\/www.orocatene.com\/es\/wp-json\/wp\/v2\/pages"}],"about":[{"href":"https:\/\/www.orocatene.com\/es\/wp-json\/wp\/v2\/types\/page"}],"author":[{"embeddable":true,"href":"https:\/\/www.orocatene.com\/es\/wp-json\/wp\/v2\/users\/1"}],"replies":[{"embeddable":true,"href":"https:\/\/www.orocatene.com\/es\/wp-json\/wp\/v2\/comments?post=7280"}],"version-history":[{"count":5,"href":"https:\/\/www.orocatene.com\/es\/wp-json\/wp\/v2\/pages\/7280\/revisions"}],"predecessor-version":[{"id":7335,"href":"https:\/\/www.orocatene.com\/es\/wp-json\/wp\/v2\/pages\/7280\/revisions\/7335"}],"wp:attachment":[{"href":"https:\/\/www.orocatene.com\/es\/wp-json\/wp\/v2\/media?parent=7280"}],"curies":[{"name":"wp","href":"https:\/\/api.w.org\/{rel}","templated":true}]}}